{"id":2,"date":"2022-07-26T11:58:29","date_gmt":"2022-07-26T11:58:29","guid":{"rendered":"http:\/\/localhost\/wordpress\/?page_id=2"},"modified":"2023-10-23T19:11:07","modified_gmt":"2023-10-23T19:11:07","slug":"omne","status":"publish","type":"page","link":"https:\/\/www.jirisipula.cz\/?page_id=2","title":{"rendered":"N\u011bco o mn\u011b"},"content":{"rendered":"\n<pre class=\"wp-block-preformatted\">Jmenuji se Ji\u0159\u00ed \u0160ipula, narodil jsem se 8.2. 1981 v Karvin\u00e9.<br>Do M\u0160 a Z\u0160 jsem chodil do Karvin\u00e9. Po t\u00e9 jsem absolvoval zem\u011bd\u011blsk\u00e9 u\u010dili\u0161t\u011b v \u010cesk\u00e9m T\u011b\u0161\u00edn\u011b, obor oprav\u00e1\u0159 zem\u011bd\u011blsk\u00fdch stroj\u016f.<br>D\u011btstv\u00ed a pubertu jsem r\u00e1d tr\u00e1vil u prarodi\u010d\u016f v P\u0148ovic\u00edch a \u017derot\u00edn\u011b a u\u017e tehdy jsem si uv\u011bdomil, \u017ee pat\u0159\u00edm pr\u00e1v\u011b sem.<br>Po ukon\u010den\u00ed u\u010dili\u0161t\u011b jsem nastoupil na vojnu do Lipn\u00edka nad Be\u010dvou.<br>Po vojn\u011b jsem se sna\u017eil s klukama z Karvin\u00e9 podnikat v oboru\u201c mravenec, pr\u00e1ce v\u0161eho druhu\u201c.<br>To n\u00e1m moc nevy\u0161lo, tak jsem se chv\u00edli \u017eivil jako \u0159idi\u010d, le\u0161en\u00e1\u0159, obklada\u010d a skon\u010dil jsem kv\u016fli sv\u00e9mu zdravotn\u00edmu stavu jako pomocn\u00edk u firmy Hegr vrata.<br>V\u017edy jsem si um\u011bl u\u017e\u00edvat \u017eivota. Spole\u010dnost, hudba, \u017eeny a alkohol to bylo moje.<br>V 27 letech jsem zjistil, \u017ee jsem v\u00e1\u017en\u011b nemocn\u00fd, ale i tak jsem neklesal na mysli a sna\u017eil jsem se \u017e\u00edt stejn\u011b jako kdybych byl zdr\u00e1v.<br>R\u00e1d jsem houba\u0159il, va\u0159il, ly\u017eoval, chodil po hor\u00e1ch, jezdil na v\u00fdlety, staral se o rybi\u010dky a kupoval si boty.<br>Na sv\u011bt\u011b jsem miloval 5 v\u011bc\u00ed: Na prvn\u00edm m\u00edst\u011b pro m\u011b v\u017edy byly rodi\u010de pak \u017eivot, svoboda, kamar\u00e1di a j\u00edzda na sk\u00fatru.<br>V roce 2019 jsem poznal kamar\u00e1dku Vuvu, stala se mou sp\u0159\u00edzn\u011bnou du\u0161\u00ed. Tr\u00e1vili jsme spolu v\u011bt\u0161inu sv\u00e9ho voln\u00e9ho \u010dasu.<br>V b\u0159eznu 2022 jsem si splnil sen a koupil jsem si sk\u00fatr a v\u017edy , kdy\u017e to \u0161lo jsem na n\u011bm jezdil. Nav\u0161t\u011bvoval jsem rodi\u010de, kamar\u00e1dy a kochal jsem se krajinou. Na n\u011bm jsem nejv\u00edc c\u00edtil ten pocit svobody.<br>Po dlouh\u00e9m boji s moj\u00ed nemoc\u00ed jsem j\u00ed podlehl 31.7.2023 v objet\u00ed sv\u00fdch rodi\u010d\u016f a Vuvu.<\/pre>\n\n\n\n<pre class=\"wp-block-preformatted\">P\u0159\u00e1l bych si, aby ka\u017ed\u00fd z V\u00e1s si v\u00e1\u017eil \u017eivota aspo\u0148 tak, jak jsem si ho v\u00e1\u017eil j\u00e1 a ve zdrav\u00ed si ho u\u017e\u00edval.<br>A j\u00e1 u\u017e na V\u00e1s budu jen dohl\u00ed\u017eet z nebe!<\/pre>\n","protected":false},"excerpt":{"rendered":"<p>Jmenuji se Ji\u0159\u00ed \u0160ipula, narodil jsem se 8.2. 1981 v Karvin\u00e9.Do M\u0160 a Z\u0160 jsem chodil do Karvin\u00e9. Po t\u00e9 jsem absolvoval zem\u011bd\u011blsk\u00e9 u\u010dili\u0161t\u011b v \u010cesk\u00e9m T\u011b\u0161\u00edn\u011b, obor oprav\u00e1\u0159 zem\u011bd\u011blsk\u00fdch stroj\u016f.D\u011btstv\u00ed a pubertu jsem r\u00e1d tr\u00e1vil u prarodi\u010d\u016f v P\u0148ovic\u00edch a \u017derot\u00edn\u011b a u\u017e tehdy jsem si uv\u011bdomil, \u017ee pat\u0159\u00edm pr\u00e1v\u011b sem.Po ukon\u010den\u00ed u\u010dili\u0161t\u011b jsem [&hellip;]<\/p>\n","protected":false},"author":1,"featured_media":0,"parent":0,"menu_order":0,"comment_status":"closed","ping_status":"closed","template":"","meta":{"ngg_post_thumbnail":0,"footnotes":""},"class_list":["post-2","page","type-page","status-publish","hentry"],"_links":{"self":[{"href":"https:\/\/www.jirisipula.cz\/index.php?rest_route=\/wp\/v2\/pages\/2","targetHints":{"allow":["GET"]}}],"collection":[{"href":"https:\/\/www.jirisipula.cz\/index.php?rest_route=\/wp\/v2\/pages"}],"about":[{"href":"https:\/\/www.jirisipula.cz\/index.php?rest_route=\/wp\/v2\/types\/page"}],"author":[{"embeddable":true,"href":"https:\/\/www.jirisipula.cz\/index.php?rest_route=\/wp\/v2\/users\/1"}],"replies":[{"embeddable":true,"href":"https:\/\/www.jirisipula.cz\/index.php?rest_route=%2Fwp%2Fv2%2Fcomments&post=2"}],"version-history":[{"count":5,"href":"https:\/\/www.jirisipula.cz\/index.php?rest_route=\/wp\/v2\/pages\/2\/revisions"}],"predecessor-version":[{"id":994,"href":"https:\/\/www.jirisipula.cz\/index.php?rest_route=\/wp\/v2\/pages\/2\/revisions\/994"}],"wp:attachment":[{"href":"https:\/\/www.jirisipula.cz\/index.php?rest_route=%2Fwp%2Fv2%2Fmedia&parent=2"}],"curies":[{"name":"wp","href":"https:\/\/api.w.org\/{rel}","templated":true}]}}